{"id":50,"date":"2010-04-28T12:21:25","date_gmt":"2010-04-28T10:21:25","guid":{"rendered":"http:\/\/filosofen.nu\/?page_id=50"},"modified":"2023-06-29T16:05:36","modified_gmt":"2023-06-29T15:05:36","slug":"forskola","status":"publish","type":"page","link":"https:\/\/filosofen.nu\/?page_id=50","title":{"rendered":"F\u00f6rskola"},"content":{"rendered":"<p>En dag hos oss ska bjuda p\u00e5 en blandning av nya sp\u00e4nnande aktiviteter och upplevelser, samt mycket v\u00e4lbekant som \u00e4r bra f\u00f6r att barnen ska k\u00e4nna sig trygga p\u00e5 f\u00f6rskolan. Efter hand som barnen v\u00e4xer ska de nya inslagen ta st\u00f6rre plats!<\/p>\n<p>Nya intryck f\u00e5r man l\u00e4ttast genom att bes\u00f6ka nya platser! <strong>Vi reser med v\u00e5ra barngrupper, till skogen, till vattnet, till djuren, till kulturen!<\/strong> Det \u00e4r mycket uppskattat b\u00e5de av barn och f\u00f6r\u00e4ldrar.<\/p>\n<h1><\/h1>\n<h1>Avdelningarna<\/h1>\n<p>Vi har sm\u00e5barnsavdelningarna <strong>Sm\u00e5stj\u00e4rnorna<\/strong> och <strong>Lilla Kometen<\/strong> f\u00f6r 1-2-\u00e5ringar. De har gemensam lekplats ute och gemensam sovplats under tak utomhus. Barnen h\u00e5ller sig friskare av att sova utomhus. Vi har vagnar, med kudde, filt och \u00e5kp\u00e5se att stoppa om barnen. Om det \u00e4r f\u00f6r kallt eller stormigt sover vi inne. H\u00e4r l\u00e4r vi oss att leka i grupp, sjunga, dansa, m\u00e5la och kre\u00e9ra.<\/p>\n<p>Vid 2-2,5 \u00e5rs \u00e5lder g\u00e5r barnen \u00f6ver till <strong>Stj\u00e4rnorna <\/strong>respektive <strong>Kometen<\/strong>. H\u00e4r \u00e4r gruppen st\u00f6rre, tempot lite h\u00f6gre och kompisarna flera.<strong>\u00a0<\/strong>H\u00e4r arbetar vi med roliga \u00f6vningar i framf\u00f6rallt spr\u00e5k och matematik. Vi har fritt skapande i atelj\u00e9n som ger barnen en f\u00f6rst\u00e5else f\u00f6r teknik och massor av kreativitet. Vi har &#8220;lektioner&#8221; i utomhusmatematik, vilket cementerar en faktisk f\u00f6rst\u00e5else f\u00f6r matematik. \u00c4ven h\u00e4r jobbar vi med IT och Multimedia och g\u00f6r bland annat egna filmer. Barnen f\u00e5r ta hand om skoltr\u00e4dg\u00e5rden; vi s\u00e5r, planterar, vattnar och sk\u00f6rdar!<\/p>\n<p>Vi arbetar efter \u201d L\u00e4roplan f\u00f6r f\u00f6rskolan\u201d, med montessoripedagogik som inriktning.Vi har en gemensam grundsyn p\u00e5 l\u00e4rande som str\u00e4cker sig genom hela v\u00e5r verksamhet.\u00a0Vi anser att en f\u00f6rskola ska spegla omr\u00e5det den verkar i. Hos oss betyder det att <strong>personalen har olika etnisk, spr\u00e5klig och religi\u00f6s bakgrund.<\/strong> Vi samarbetar oavsett \u00e5lder, k\u00f6n, utbildning och kompetens f\u00f6r barnens b\u00e4sta. I m\u00f6tet mellan m\u00e4nniskor med olika erfarenheter utmanas kreativiteten. Barnen b\u00e4r med sig positiva erfarenheter av m\u00e4nniskor med olika bakgrund.<\/p>\n<p><img loading=\"lazy\" class=\"alignnone\" title=\"F\u00f6rskola 1\" src=\"http:\/\/media.filosofen.nu\/forskola_1.jpg\" alt=\"\" width=\"245\" height=\"229\" \/><img loading=\"lazy\" class=\"alignnone\" title=\"F\u00f6rskola 2\" src=\"http:\/\/media.filosofen.nu\/forskola_2.jpg\" alt=\"\" width=\"239\" height=\"232\" \/><\/p>\n<p><img loading=\"lazy\" class=\"alignnone\" title=\"F\u00f6rskola 3\" src=\"http:\/\/media.filosofen.nu\/forskola_3.jpg\" alt=\"\" width=\"247\" height=\"219\" \/><img loading=\"lazy\" class=\"alignnone\" title=\"F\u00f6rskola 4\" src=\"http:\/\/media.filosofen.nu\/forskola_4.jpg\" alt=\"\" width=\"239\" height=\"219\" \/><\/p>\n","protected":false},"excerpt":{"rendered":"<p>En dag hos oss ska bjuda p\u00e5 en blandning av nya sp\u00e4nnande aktiviteter och upplevelser, samt mycket v\u00e4lbekant som \u00e4r bra f\u00f6r att barnen ska k\u00e4nna sig trygga p\u00e5 f\u00f6rskolan. Efter hand som barnen v\u00e4xer ska de nya inslagen ta &hellip; <a href=\"https:\/\/filosofen.nu\/?page_id=50\">Continue reading <span class=\"meta-nav\">&rarr;<\/span><\/a><\/p>\n","protected":false},"author":5,"featured_media":0,"parent":0,"menu_order":0,"comment_status":"closed","ping_status":"closed","template":"showcase.php","meta":[],"_links":{"self":[{"href":"https:\/\/filosofen.nu\/index.php?rest_route=\/wp\/v2\/pages\/50"}],"collection":[{"href":"https:\/\/filosofen.nu\/index.php?rest_route=\/wp\/v2\/pages"}],"about":[{"href":"https:\/\/filosofen.nu\/index.php?rest_route=\/wp\/v2\/types\/page"}],"author":[{"embeddable":true,"href":"https:\/\/filosofen.nu\/index.php?rest_route=\/wp\/v2\/users\/5"}],"replies":[{"embeddable":true,"href":"https:\/\/filosofen.nu\/index.php?rest_route=%2Fwp%2Fv2%2Fcomments&post=50"}],"version-history":[{"count":26,"href":"https:\/\/filosofen.nu\/index.php?rest_route=\/wp\/v2\/pages\/50\/revisions"}],"predecessor-version":[{"id":430,"href":"https:\/\/filosofen.nu\/index.php?rest_route=\/wp\/v2\/pages\/50\/revisions\/430"}],"wp:attachment":[{"href":"https:\/\/filosofen.nu\/index.php?rest_route=%2Fwp%2Fv2%2Fmedia&parent=50"}],"curies":[{"name":"wp","href":"https:\/\/api.w.org\/{rel}","templated":true}]}}