{"id":236,"date":"2012-05-14T13:20:52","date_gmt":"2012-05-14T12:20:52","guid":{"rendered":"http:\/\/filosofen.nu\/?page_id=236"},"modified":"2023-06-29T15:38:24","modified_gmt":"2023-06-29T14:38:24","slug":"detta-hander-snart","status":"publish","type":"page","link":"https:\/\/filosofen.nu\/?page_id=236","title":{"rendered":"Detta h\u00e4nder nu"},"content":{"rendered":"\n<p>Vill du veta vad som \u00e4r aktuellt p\u00e5 Filosofen hittar du det p\u00e5 v\u00e5r <a title=\"Facebooksida\" rel=\"noopener\" href=\"https:\/\/www.facebook.com\/pages\/Montessoriskolan-Filosofen\/206579039366203?fref=ts\" target=\"_blank\">Facebooksida<\/a>, eller p\u00e5 v\u00e5r instagram @montessoriskolanfilosofen!<\/p>\n\n\n\n<p><\/p>\n","protected":false},"excerpt":{"rendered":"<p>Vill du veta vad som \u00e4r aktuellt p\u00e5 Filosofen hittar du det p\u00e5 v\u00e5r Facebooksida, eller p\u00e5 v\u00e5r instagram @montessoriskolanfilosofen!<\/p>\n","protected":false},"author":3,"featured_media":0,"parent":0,"menu_order":0,"comment_status":"closed","ping_status":"closed","template":"","meta":[],"_links":{"self":[{"href":"https:\/\/filosofen.nu\/index.php?rest_route=\/wp\/v2\/pages\/236"}],"collection":[{"href":"https:\/\/filosofen.nu\/index.php?rest_route=\/wp\/v2\/pages"}],"about":[{"href":"https:\/\/filosofen.nu\/index.php?rest_route=\/wp\/v2\/types\/page"}],"author":[{"embeddable":true,"href":"https:\/\/filosofen.nu\/index.php?rest_route=\/wp\/v2\/users\/3"}],"replies":[{"embeddable":true,"href":"https:\/\/filosofen.nu\/index.php?rest_route=%2Fwp%2Fv2%2Fcomments&post=236"}],"version-history":[{"count":19,"href":"https:\/\/filosofen.nu\/index.php?rest_route=\/wp\/v2\/pages\/236\/revisions"}],"predecessor-version":[{"id":417,"href":"https:\/\/filosofen.nu\/index.php?rest_route=\/wp\/v2\/pages\/236\/revisions\/417"}],"wp:attachment":[{"href":"https:\/\/filosofen.nu\/index.php?rest_route=%2Fwp%2Fv2%2Fmedia&parent=236"}],"curies":[{"name":"wp","href":"https:\/\/api.w.org\/{rel}","templated":true}]}}