{"id":204,"date":"2012-04-20T20:18:36","date_gmt":"2012-04-20T19:18:36","guid":{"rendered":"http:\/\/filosofen.nu\/?page_id=204"},"modified":"2013-03-01T19:02:12","modified_gmt":"2013-03-01T18:02:12","slug":"204-2","status":"publish","type":"page","link":"https:\/\/filosofen.nu\/?page_id=204","title":{"rendered":"Aktiviteter"},"content":{"rendered":"<p>Vi arrangerar arbetsdagar\/ gemensamhetsdagar f\u00f6r personal, barn och f\u00f6r\u00e4ldrar. N\u00e5gra timmars fixande tillsammans, lite fika&#8230; det brukar vara mycket trevligt och \u00e4r ett bra s\u00e4tt att komma in i gemenskapen och l\u00e4ra k\u00e4nna andra f\u00f6r\u00e4ldrar.<\/p>\n","protected":false},"excerpt":{"rendered":"<p>Vi arrangerar arbetsdagar\/ gemensamhetsdagar f\u00f6r personal, barn och f\u00f6r\u00e4ldrar. N\u00e5gra timmars fixande tillsammans, lite fika&#8230; det brukar vara mycket trevligt och \u00e4r ett bra s\u00e4tt att komma in i gemenskapen och l\u00e4ra k\u00e4nna andra f\u00f6r\u00e4ldrar.<\/p>\n","protected":false},"author":3,"featured_media":0,"parent":50,"menu_order":0,"comment_status":"closed","ping_status":"closed","template":"showcase.php","meta":[],"_links":{"self":[{"href":"https:\/\/filosofen.nu\/index.php?rest_route=\/wp\/v2\/pages\/204"}],"collection":[{"href":"https:\/\/filosofen.nu\/index.php?rest_route=\/wp\/v2\/pages"}],"about":[{"href":"https:\/\/filosofen.nu\/index.php?rest_route=\/wp\/v2\/types\/page"}],"author":[{"embeddable":true,"href":"https:\/\/filosofen.nu\/index.php?rest_route=\/wp\/v2\/users\/3"}],"replies":[{"embeddable":true,"href":"https:\/\/filosofen.nu\/index.php?rest_route=%2Fwp%2Fv2%2Fcomments&post=204"}],"version-history":[{"count":7,"href":"https:\/\/filosofen.nu\/index.php?rest_route=\/wp\/v2\/pages\/204\/revisions"}],"predecessor-version":[{"id":326,"href":"https:\/\/filosofen.nu\/index.php?rest_route=\/wp\/v2\/pages\/204\/revisions\/326"}],"up":[{"embeddable":true,"href":"https:\/\/filosofen.nu\/index.php?rest_route=\/wp\/v2\/pages\/50"}],"wp:attachment":[{"href":"https:\/\/filosofen.nu\/index.php?rest_route=%2Fwp%2Fv2%2Fmedia&parent=204"}],"curies":[{"name":"wp","href":"https:\/\/api.w.org\/{rel}","templated":true}]}}