{"id":59,"date":"2010-04-28T12:24:22","date_gmt":"2010-04-28T11:24:22","guid":{"rendered":"http:\/\/filosofen.nu\/?page_id=59"},"modified":"2023-06-29T15:52:27","modified_gmt":"2023-06-29T14:52:27","slug":"kontakt-2","status":"publish","type":"page","link":"http:\/\/filosofen.nu\/?page_id=59","title":{"rendered":"Kontakt"},"content":{"rendered":"<p>V\u00e4lkomna att bes\u00f6ka oss p\u00e5 Torggatan 22 i \u00c5storp!<\/p>\n<p>Kontaktperson:<br \/>\nGunilla Weiler Pihlqvist<br \/>\nTel: 073-7088035<br \/>\nMail: gunillawp@filosofen.nu<\/p>\n<p>Tel f\u00f6rskola 073-4097899, 076-3099839<br \/>\nBes\u00f6ksadress Torggatan 22, \u00c5storp<br \/>\nPostadress Box 125, 26522, \u00c5storp<\/p>\n<p>PS. Vi finns p\u00e5 Facebook och Instagram som Montessoriskolan Filosofen!<\/p>\n","protected":false},"excerpt":{"rendered":"<p>V\u00e4lkomna att bes\u00f6ka oss p\u00e5 Torggatan 22 i \u00c5storp! Kontaktperson: Gunilla Weiler Pihlqvist Tel: 073-7088035 Mail: gunillawp@filosofen.nu Tel f\u00f6rskola 073-4097899, 076-3099839 Bes\u00f6ksadress Torggatan 22, \u00c5storp Postadress Box 125, 26522, \u00c5storp PS. Vi finns p\u00e5 Facebook och Instagram som Montessoriskolan Filosofen!<\/p>\n","protected":false},"author":5,"featured_media":0,"parent":0,"menu_order":5,"comment_status":"closed","ping_status":"closed","template":"showcase.php","meta":[],"_links":{"self":[{"href":"http:\/\/filosofen.nu\/index.php?rest_route=\/wp\/v2\/pages\/59"}],"collection":[{"href":"http:\/\/filosofen.nu\/index.php?rest_route=\/wp\/v2\/pages"}],"about":[{"href":"http:\/\/filosofen.nu\/index.php?rest_route=\/wp\/v2\/types\/page"}],"author":[{"embeddable":true,"href":"http:\/\/filosofen.nu\/index.php?rest_route=\/wp\/v2\/users\/5"}],"replies":[{"embeddable":true,"href":"http:\/\/filosofen.nu\/index.php?rest_route=%2Fwp%2Fv2%2Fcomments&post=59"}],"version-history":[{"count":15,"href":"http:\/\/filosofen.nu\/index.php?rest_route=\/wp\/v2\/pages\/59\/revisions"}],"predecessor-version":[{"id":425,"href":"http:\/\/filosofen.nu\/index.php?rest_route=\/wp\/v2\/pages\/59\/revisions\/425"}],"wp:attachment":[{"href":"http:\/\/filosofen.nu\/index.php?rest_route=%2Fwp%2Fv2%2Fmedia&parent=59"}],"curies":[{"name":"wp","href":"https:\/\/api.w.org\/{rel}","templated":true}]}}